{"id":270,"date":"2022-08-28T09:34:07","date_gmt":"2022-08-28T15:34:07","guid":{"rendered":"https:\/\/ceac.ed.cr\/Inicio\/?page_id=270"},"modified":"2023-10-30T13:44:54","modified_gmt":"2023-10-30T19:44:54","slug":"primaria","status":"publish","type":"page","link":"https:\/\/ceac.ed.cr\/Inicio\/primaria\/","title":{"rendered":"Primaria"},"content":{"rendered":"\t\t<div data-elementor-type=\"wp-page\" data-elementor-id=\"270\" class=\"elementor elementor-270\" data-elementor-post-type=\"page\">\n\t\t\t\t\t\t<section class=\"elementor-section elementor-top-section elementor-element elementor-element-4df40e7 elementor-section-full_width elementor-section-height-default elementor-section-height-default elementor-invisible\" data-id=\"4df40e7\" data-element_type=\"section\" data-e-type=\"section\" data-settings=\"{&quot;animation&quot;:&quot;slideInLeft&quot;}\">\n\t\t\t\t\t\t<div class=\"elementor-container elementor-column-gap-default\">\n\t\t\t\t\t<div class=\"elementor-column elementor-col-100 elementor-top-column elementor-element elementor-element-cdd182f\" data-id=\"cdd182f\" data-element_type=\"column\" data-e-type=\"column\">\n\t\t\t<div class=\"elementor-widget-wrap elementor-element-populated\">\n\t\t\t\t\t\t<div class=\"elementor-element elementor-element-dd896cb elementor-widget elementor-widget-image\" data-id=\"dd896cb\" data-element_type=\"widget\" data-e-type=\"widget\" data-widget_type=\"image.default\">\n\t\t\t\t<div class=\"elementor-widget-container\">\n\t\t\t\t\t\t\t\t\t\t\t\t\t\t\t<img fetchpriority=\"high\" decoding=\"async\" width=\"1024\" height=\"546\" src=\"https:\/\/ceac.ed.cr\/wp-content\/uploads\/2023\/10\/Imagen-de-WhatsApp-2023-10-30-a-las-13.42.34_dd803c39-1024x546.jpg\" class=\"attachment-large size-large wp-image-1545\" alt=\"Primaria\" srcset=\"https:\/\/ceac.ed.cr\/wp-content\/uploads\/2023\/10\/Imagen-de-WhatsApp-2023-10-30-a-las-13.42.34_dd803c39-1024x546.jpg 1024w, https:\/\/ceac.ed.cr\/wp-content\/uploads\/2023\/10\/Imagen-de-WhatsApp-2023-10-30-a-las-13.42.34_dd803c39-300x160.jpg 300w, https:\/\/ceac.ed.cr\/wp-content\/uploads\/2023\/10\/Imagen-de-WhatsApp-2023-10-30-a-las-13.42.34_dd803c39-768x409.jpg 768w, https:\/\/ceac.ed.cr\/wp-content\/uploads\/2023\/10\/Imagen-de-WhatsApp-2023-10-30-a-las-13.42.34_dd803c39.jpg 1280w\" sizes=\"(max-width: 1024px) 100vw, 1024px\" \/>\t\t\t\t\t\t\t\t\t\t\t\t\t\t\t<\/div>\n\t\t\t\t<\/div>\n\t\t\t\t\t<\/div>\n\t\t<\/div>\n\t\t\t\t\t<\/div>\n\t\t<\/section>\n\t\t\t\t<section class=\"elementor-section elementor-top-section elementor-element elementor-element-303066a elementor-section-full_width elementor-section-height-default elementor-section-height-default\" data-id=\"303066a\" data-element_type=\"section\" data-e-type=\"section\">\n\t\t\t\t\t\t<div class=\"elementor-container elementor-column-gap-default\">\n\t\t\t\t\t<div class=\"elementor-column elementor-col-100 elementor-top-column elementor-element elementor-element-aa9fcd6\" data-id=\"aa9fcd6\" data-element_type=\"column\" data-e-type=\"column\">\n\t\t\t<div class=\"elementor-widget-wrap elementor-element-populated\">\n\t\t\t\t\t\t<div class=\"elementor-element elementor-element-b5a05f2 elementor-widget elementor-widget-image\" data-id=\"b5a05f2\" data-element_type=\"widget\" data-e-type=\"widget\" data-widget_type=\"image.default\">\n\t\t\t\t<div class=\"elementor-widget-container\">\n\t\t\t\t\t\t\t\t\t\t\t\t\t\t\t<img decoding=\"async\" src=\"https:\/\/ceac.ed.cr\/wp-content\/uploads\/2022\/08\/Primaria.png\" title=\"\" alt=\"\" loading=\"lazy\" \/>\t\t\t\t\t\t\t\t\t\t\t\t\t\t\t<\/div>\n\t\t\t\t<\/div>\n\t\t\t\t\t<\/div>\n\t\t<\/div>\n\t\t\t\t\t<\/div>\n\t\t<\/section>\n\t\t\t\t<section class=\"elementor-section elementor-top-section elementor-element elementor-element-67ef958 elementor-section-boxed elementor-section-height-default elementor-section-height-default\" data-id=\"67ef958\" data-element_type=\"section\" data-e-type=\"section\">\n\t\t\t\t\t\t<div class=\"elementor-container elementor-column-gap-default\">\n\t\t\t\t\t<div class=\"elementor-column elementor-col-100 elementor-top-column elementor-element elementor-element-7526bef elementor-invisible\" data-id=\"7526bef\" data-element_type=\"column\" data-e-type=\"column\" data-settings=\"{&quot;animation&quot;:&quot;fadeInDown&quot;}\">\n\t\t\t<div class=\"elementor-widget-wrap elementor-element-populated\">\n\t\t\t\t\t\t<div class=\"elementor-element elementor-element-61e546a elementor-widget elementor-widget-heading\" data-id=\"61e546a\" data-element_type=\"widget\" data-e-type=\"widget\" data-widget_type=\"heading.default\">\n\t\t\t\t<div class=\"elementor-widget-container\">\n\t\t\t\t\t<h1 class=\"elementor-heading-title elementor-size-default\">\"Enfoque Acad\u00e9mico\"<\/h1>\t\t\t\t<\/div>\n\t\t\t\t<\/div>\n\t\t\t\t<div class=\"elementor-element elementor-element-19c4c79 elementor-widget elementor-widget-text-editor\" data-id=\"19c4c79\" data-element_type=\"widget\" data-e-type=\"widget\" data-widget_type=\"text-editor.default\">\n\t\t\t\t<div class=\"elementor-widget-container\">\n\t\t\t\t\t\t\t\t\t<h4>Desde primer grado hasta sexto, se estimula al estudiante para que potencie sus habilidades como: la comunicaci\u00f3n, las relaciones interpersonales, la creatividad, el pensamiento cr\u00edtico, la resoluci\u00f3n de conflictos y la autonom\u00eda a trav\u00e9s de un curr\u00edculo educativo que vincula estrechamente los valores cristianos con el contenido curricular Asimismo, como parte de una respuesta concreta a las necesidades actuales, trabajamos basados en tres tipos de aprendizaje: Aprendizaje Basado en Proyectos (ABP), el Aprendizaje Cooperativo, y la Gamificaci\u00f3n, incorporando as\u00ed las Competencias para el siglo XXI. Nuestro curr\u00edculum incluye la ense\u00f1anza de la Rob\u00f3tica, a trav\u00e9s de una alianza estrat\u00e9gica con Tecnikids y la ense\u00f1anza de ingl\u00e9s toma como referencia el Marco Com\u00fan Europeo, egresando as\u00ed a estudiantes con niveles entre (A2 y B1). Adem\u00e1s, contamos con una amplia oferta de clubes que fortalecen las habilidades manuales, intelectuales y espirituales de los estudiantes.<\/h4>\t\t\t\t\t\t\t\t<\/div>\n\t\t\t\t<\/div>\n\t\t\t\t\t<\/div>\n\t\t<\/div>\n\t\t\t\t\t<\/div>\n\t\t<\/section>\n\t\t\t\t<section class=\"elementor-section elementor-top-section elementor-element elementor-element-d272a44 elementor-section-boxed elementor-section-height-default elementor-section-height-default\" data-id=\"d272a44\" data-element_type=\"section\" data-e-type=\"section\" data-settings=\"{&quot;animation_tablet&quot;:&quot;tada&quot;,&quot;animation_mobile&quot;:&quot;fadeInUp&quot;}\">\n\t\t\t\t\t\t<div class=\"elementor-container elementor-column-gap-default\">\n\t\t\t\t\t<div class=\"elementor-column elementor-col-50 elementor-top-column elementor-element elementor-element-2807471 elementor-invisible\" data-id=\"2807471\" data-element_type=\"column\" data-e-type=\"column\" data-settings=\"{&quot;animation&quot;:&quot;fadeInUp&quot;}\">\n\t\t\t<div class=\"elementor-widget-wrap elementor-element-populated\">\n\t\t\t\t\t\t<div class=\"elementor-element elementor-element-1a58d1c elementor-widget elementor-widget-heading\" data-id=\"1a58d1c\" data-element_type=\"widget\" data-e-type=\"widget\" data-widget_type=\"heading.default\">\n\t\t\t\t<div class=\"elementor-widget-container\">\n\t\t\t\t\t<h1 class=\"elementor-heading-title elementor-size-default\">Clases B\u00e1sicas<\/h1>\t\t\t\t<\/div>\n\t\t\t\t<\/div>\n\t\t\t\t<div class=\"elementor-element elementor-element-a565350 elementor-invisible elementor-widget elementor-widget-image\" data-id=\"a565350\" data-element_type=\"widget\" data-e-type=\"widget\" data-settings=\"{&quot;_animation&quot;:&quot;zoomIn&quot;}\" data-widget_type=\"image.default\">\n\t\t\t\t<div class=\"elementor-widget-container\">\n\t\t\t\t\t\t\t\t\t\t\t\t\t\t\t<img decoding=\"async\" width=\"104\" height=\"104\" src=\"https:\/\/ceac.ed.cr\/wp-content\/uploads\/2022\/08\/clases-basicas.png\" class=\"attachment-large size-large wp-image-339\" alt=\"\" \/>\t\t\t\t\t\t\t\t\t\t\t\t\t\t\t<\/div>\n\t\t\t\t<\/div>\n\t\t\t\t<div class=\"elementor-element elementor-element-f8d26ed elementor-widget elementor-widget-text-editor\" data-id=\"f8d26ed\" data-element_type=\"widget\" data-e-type=\"widget\" data-widget_type=\"text-editor.default\">\n\t\t\t\t<div class=\"elementor-widget-container\">\n\t\t\t\t\t\t\t\t\t<ul><li><strong>Estudios Sociales<\/strong><\/li><li><strong>Matem\u00e1ticas<\/strong><\/li><li><strong>Ciencias<\/strong><\/li><li><strong>Espa\u00f1ol<\/strong><\/li><li><strong>Ingl\u00e9s<\/strong><\/li><li><strong>Franc\u00e9s<\/strong><\/li><\/ul>\t\t\t\t\t\t\t\t<\/div>\n\t\t\t\t<\/div>\n\t\t\t\t\t<\/div>\n\t\t<\/div>\n\t\t\t\t<div class=\"elementor-column elementor-col-50 elementor-top-column elementor-element elementor-element-0754f35 elementor-invisible\" data-id=\"0754f35\" data-element_type=\"column\" data-e-type=\"column\" data-settings=\"{&quot;animation&quot;:&quot;fadeInUp&quot;}\">\n\t\t\t<div class=\"elementor-widget-wrap elementor-element-populated\">\n\t\t\t\t\t\t<div class=\"elementor-element elementor-element-bcbf343 elementor-widget elementor-widget-heading\" data-id=\"bcbf343\" data-element_type=\"widget\" data-e-type=\"widget\" data-widget_type=\"heading.default\">\n\t\t\t\t<div class=\"elementor-widget-container\">\n\t\t\t\t\t<h1 class=\"elementor-heading-title elementor-size-default\">Clubes<\/h1>\t\t\t\t<\/div>\n\t\t\t\t<\/div>\n\t\t\t\t<div class=\"elementor-element elementor-element-d70d514 elementor-invisible elementor-widget elementor-widget-image\" data-id=\"d70d514\" data-element_type=\"widget\" data-e-type=\"widget\" data-settings=\"{&quot;_animation&quot;:&quot;zoomIn&quot;}\" data-widget_type=\"image.default\">\n\t\t\t\t<div class=\"elementor-widget-container\">\n\t\t\t\t\t\t\t\t\t\t\t\t\t\t\t<img decoding=\"async\" width=\"101\" height=\"102\" src=\"https:\/\/ceac.ed.cr\/wp-content\/uploads\/2022\/08\/clubes.png\" class=\"attachment-large size-large wp-image-338\" alt=\"\" \/>\t\t\t\t\t\t\t\t\t\t\t\t\t\t\t<\/div>\n\t\t\t\t<\/div>\n\t\t\t\t<div class=\"elementor-element elementor-element-fb5e462 elementor-widget elementor-widget-text-editor\" data-id=\"fb5e462\" data-element_type=\"widget\" data-e-type=\"widget\" data-widget_type=\"text-editor.default\">\n\t\t\t\t<div class=\"elementor-widget-container\">\n\t\t\t\t\t\t\t\t\t<ul><li><strong>Abejitas Industriosas<\/strong><\/li><li><strong>Rayitos de Sol<\/strong><\/li><li><strong>Constructores<\/strong><\/li><li><strong>Manos Ayudadoras<\/strong><\/li><li><strong>Amigo<\/strong><\/li><li><strong>Compa\u00f1ero<\/strong><\/li><\/ul>\t\t\t\t\t\t\t\t<\/div>\n\t\t\t\t<\/div>\n\t\t\t\t\t<\/div>\n\t\t<\/div>\n\t\t\t\t\t<\/div>\n\t\t<\/section>\n\t\t\t\t<section class=\"elementor-section elementor-top-section elementor-element elementor-element-d1c3784 elementor-section-boxed elementor-section-height-default elementor-section-height-default\" data-id=\"d1c3784\" data-element_type=\"section\" data-e-type=\"section\" data-settings=\"{&quot;animation_tablet&quot;:&quot;tada&quot;,&quot;animation_mobile&quot;:&quot;fadeInUp&quot;}\">\n\t\t\t\t\t\t<div class=\"elementor-container elementor-column-gap-default\">\n\t\t\t\t\t<div class=\"elementor-column elementor-col-50 elementor-top-column elementor-element elementor-element-0e2d7f2 elementor-invisible\" data-id=\"0e2d7f2\" data-element_type=\"column\" data-e-type=\"column\" data-settings=\"{&quot;animation&quot;:&quot;fadeInUp&quot;}\">\n\t\t\t<div class=\"elementor-widget-wrap elementor-element-populated\">\n\t\t\t\t\t\t<div class=\"elementor-element elementor-element-8f4fa41 elementor-widget elementor-widget-heading\" data-id=\"8f4fa41\" data-element_type=\"widget\" data-e-type=\"widget\" data-widget_type=\"heading.default\">\n\t\t\t\t<div class=\"elementor-widget-container\">\n\t\t\t\t\t<h1 class=\"elementor-heading-title elementor-size-default\">Clases Complementarias<\/h1>\t\t\t\t<\/div>\n\t\t\t\t<\/div>\n\t\t\t\t<div class=\"elementor-element elementor-element-dcc8fe8 elementor-invisible elementor-widget elementor-widget-image\" data-id=\"dcc8fe8\" data-element_type=\"widget\" data-e-type=\"widget\" data-settings=\"{&quot;_animation&quot;:&quot;zoomIn&quot;}\" data-widget_type=\"image.default\">\n\t\t\t\t<div class=\"elementor-widget-container\">\n\t\t\t\t\t\t\t\t\t\t\t\t\t\t\t<img loading=\"lazy\" decoding=\"async\" width=\"93\" height=\"93\" src=\"https:\/\/ceac.ed.cr\/wp-content\/uploads\/2022\/08\/clases-complementarias.png\" class=\"attachment-large size-large wp-image-340\" alt=\"\" \/>\t\t\t\t\t\t\t\t\t\t\t\t\t\t\t<\/div>\n\t\t\t\t<\/div>\n\t\t\t\t<div class=\"elementor-element elementor-element-358ddcc elementor-widget elementor-widget-text-editor\" data-id=\"358ddcc\" data-element_type=\"widget\" data-e-type=\"widget\" data-widget_type=\"text-editor.default\">\n\t\t\t\t<div class=\"elementor-widget-container\">\n\t\t\t\t\t\t\t\t\t<ul><li><strong>Educaci\u00f3n F\u00edsica<\/strong><\/li><li><strong>Rob\u00f3tica<\/strong><\/li><li><strong>M\u00fasica<\/strong><\/li><li><strong>Biblia<\/strong><\/li><\/ul>\t\t\t\t\t\t\t\t<\/div>\n\t\t\t\t<\/div>\n\t\t\t\t\t<\/div>\n\t\t<\/div>\n\t\t\t\t<div class=\"elementor-column elementor-col-50 elementor-top-column elementor-element elementor-element-24ddc87 elementor-invisible\" data-id=\"24ddc87\" data-element_type=\"column\" data-e-type=\"column\" data-settings=\"{&quot;animation&quot;:&quot;fadeInUp&quot;}\">\n\t\t\t<div class=\"elementor-widget-wrap elementor-element-populated\">\n\t\t\t\t\t\t<div class=\"elementor-element elementor-element-24e477b elementor-widget elementor-widget-heading\" data-id=\"24e477b\" data-element_type=\"widget\" data-e-type=\"widget\" data-widget_type=\"heading.default\">\n\t\t\t\t<div class=\"elementor-widget-container\">\n\t\t\t\t\t<h1 class=\"elementor-heading-title elementor-size-default\">Horario<\/h1>\t\t\t\t<\/div>\n\t\t\t\t<\/div>\n\t\t\t\t<div class=\"elementor-element elementor-element-eb52945 elementor-invisible elementor-widget elementor-widget-image\" data-id=\"eb52945\" data-element_type=\"widget\" data-e-type=\"widget\" data-settings=\"{&quot;_animation&quot;:&quot;zoomIn&quot;}\" data-widget_type=\"image.default\">\n\t\t\t\t<div class=\"elementor-widget-container\">\n\t\t\t\t\t\t\t\t\t\t\t\t\t\t\t<img loading=\"lazy\" decoding=\"async\" width=\"126\" height=\"126\" src=\"https:\/\/ceac.ed.cr\/wp-content\/uploads\/2022\/08\/horario.png\" class=\"attachment-large size-large wp-image-342\" alt=\"\" \/>\t\t\t\t\t\t\t\t\t\t\t\t\t\t\t<\/div>\n\t\t\t\t<\/div>\n\t\t\t\t<div class=\"elementor-element elementor-element-5de3d92 elementor-widget elementor-widget-text-editor\" data-id=\"5de3d92\" data-element_type=\"widget\" data-e-type=\"widget\" data-widget_type=\"text-editor.default\">\n\t\t\t\t<div class=\"elementor-widget-container\">\n\t\t\t\t\t\t\t\t\t<p><strong>Lunes a Viernes<\/strong><\/p><p><strong>De 7:00 a.m. a 2:15 p.m.<\/strong><\/p>\t\t\t\t\t\t\t\t<\/div>\n\t\t\t\t<\/div>\n\t\t\t\t\t<\/div>\n\t\t<\/div>\n\t\t\t\t\t<\/div>\n\t\t<\/section>\n\t\t\t\t<section class=\"elementor-section elementor-top-section elementor-element elementor-element-0397c10 elementor-section-boxed elementor-section-height-default elementor-section-height-default\" data-id=\"0397c10\" data-element_type=\"section\" data-e-type=\"section\">\n\t\t\t\t\t\t<div class=\"elementor-container elementor-column-gap-default\">\n\t\t\t\t\t<div class=\"elementor-column elementor-col-100 elementor-top-column elementor-element elementor-element-a67ffd4\" data-id=\"a67ffd4\" data-element_type=\"column\" data-e-type=\"column\">\n\t\t\t<div class=\"elementor-widget-wrap elementor-element-populated\">\n\t\t\t\t\t\t<div class=\"elementor-element elementor-element-ebc535a elementor-invisible elementor-widget elementor-widget-button\" data-id=\"ebc535a\" data-element_type=\"widget\" data-e-type=\"widget\" data-settings=\"{&quot;_animation&quot;:&quot;lightSpeedIn&quot;}\" data-widget_type=\"button.default\">\n\t\t\t\t<div class=\"elementor-widget-container\">\n\t\t\t\t\t\t\t\t\t<div class=\"elementor-button-wrapper\">\n\t\t\t\t\t<a class=\"elementor-button elementor-button-link elementor-size-lg\" href=\"https:\/\/ceac.ed.cr\/Inicio\/admision-y-registro\/\">\n\t\t\t\t\t\t<span class=\"elementor-button-content-wrapper\">\n\t\t\t\t\t\t\t\t\t<span class=\"elementor-button-text\">Admisi\u00f3n y Registro<\/span>\n\t\t\t\t\t<\/span>\n\t\t\t\t\t<\/a>\n\t\t\t\t<\/div>\n\t\t\t\t\t\t\t\t<\/div>\n\t\t\t\t<\/div>\n\t\t\t\t\t<\/div>\n\t\t<\/div>\n\t\t\t\t\t<\/div>\n\t\t<\/section>\n\t\t\t\t<\/div>\n\t\t","protected":false},"excerpt":{"rendered":"<p>&#8220;Enfoque Acad\u00e9mico&#8221; Desde primer grado hasta sexto, se estimula al estudiante para que potencie sus habilidades como: la comunicaci\u00f3n, las relaciones interpersonales, la creatividad, el pensamiento cr\u00edtico, la resoluci\u00f3n de conflictos y la autonom\u00eda a trav\u00e9s de un curr\u00edculo educativo que vincula estrechamente los valores cristianos con el contenido curricular Asimismo, como parte de una [&hellip;]<\/p>\n","protected":false},"author":1,"featured_media":0,"parent":0,"menu_order":0,"comment_status":"closed","ping_status":"closed","template":"","meta":{"site-sidebar-layout":"no-sidebar","site-content-layout":"page-builder","ast-site-content-layout":"default","site-content-style":"default","site-sidebar-style":"default","ast-global-header-display":"","ast-banner-title-visibility":"","ast-main-header-display":"","ast-hfb-above-header-display":"","ast-hfb-below-header-display":"","ast-hfb-mobile-header-display":"","site-post-title":"disabled","ast-breadcrumbs-content":"","ast-featured-img":"disabled","footer-sml-layout":"","theme-transparent-header-meta":"","adv-header-id-meta":"","stick-header-meta":"","header-above-stick-meta":"","header-main-stick-meta":"","header-below-stick-meta":"","astra-migrate-meta-layouts":"default","ast-page-background-enabled":"default","ast-page-background-meta":{"desktop":{"background-color":"var(--ast-global-color-4)","background-image":"","background-repeat":"repeat","background-position":"center center","background-size":"auto","background-attachment":"scroll","background-type":"","background-media":"","overlay-type":"","overlay-color":"","overlay-opacity":"","overlay-gradient":""},"tablet":{"background-color":"","background-image":"","background-repeat":"repeat","background-position":"center center","background-size":"auto","background-attachment":"scroll","background-type":"","background-media":"","overlay-type":"","overlay-color":"","overlay-opacity":"","overlay-gradient":""},"mobile":{"background-color":"","background-image":"","background-repeat":"repeat","background-position":"center center","background-size":"auto","background-attachment":"scroll","background-type":"","background-media":"","overlay-type":"","overlay-color":"","overlay-opacity":"","overlay-gradient":""}},"ast-content-background-meta":{"desktop":{"background-color":"var(--ast-global-color-5)","background-image":"","background-repeat":"repeat","background-position":"center center","background-size":"auto","background-attachment":"scroll","background-type":"","background-media":"","overlay-type":"","overlay-color":"","overlay-opacity":"","overlay-gradient":""},"tablet":{"background-color":"var(--ast-global-color-5)","background-image":"","background-repeat":"repeat","background-position":"center center","background-size":"auto","background-attachment":"scroll","background-type":"","background-media":"","overlay-type":"","overlay-color":"","overlay-opacity":"","overlay-gradient":""},"mobile":{"background-color":"var(--ast-global-color-5)","background-image":"","background-repeat":"repeat","background-position":"center center","background-size":"auto","background-attachment":"scroll","background-type":"","background-media":"","overlay-type":"","overlay-color":"","overlay-opacity":"","overlay-gradient":""}},"footnotes":""},"class_list":["post-270","page","type-page","status-publish","hentry"],"aioseo_notices":[],"_links":{"self":[{"href":"https:\/\/ceac.ed.cr\/Inicio\/wp-json\/wp\/v2\/pages\/270","targetHints":{"allow":["GET"]}}],"collection":[{"href":"https:\/\/ceac.ed.cr\/Inicio\/wp-json\/wp\/v2\/pages"}],"about":[{"href":"https:\/\/ceac.ed.cr\/Inicio\/wp-json\/wp\/v2\/types\/page"}],"author":[{"embeddable":true,"href":"https:\/\/ceac.ed.cr\/Inicio\/wp-json\/wp\/v2\/users\/1"}],"replies":[{"embeddable":true,"href":"https:\/\/ceac.ed.cr\/Inicio\/wp-json\/wp\/v2\/comments?post=270"}],"version-history":[{"count":73,"href":"https:\/\/ceac.ed.cr\/Inicio\/wp-json\/wp\/v2\/pages\/270\/revisions"}],"predecessor-version":[{"id":1549,"href":"https:\/\/ceac.ed.cr\/Inicio\/wp-json\/wp\/v2\/pages\/270\/revisions\/1549"}],"wp:attachment":[{"href":"https:\/\/ceac.ed.cr\/Inicio\/wp-json\/wp\/v2\/media?parent=270"}],"curies":[{"name":"wp","href":"https:\/\/api.w.org\/{rel}","templated":true}]}}