{"id":14,"date":"2022-08-24T21:31:18","date_gmt":"2022-08-25T03:31:18","guid":{"rendered":"https:\/\/ceac.ed.cr\/?page_id=14"},"modified":"2025-07-02T17:22:18","modified_gmt":"2025-07-02T23:22:18","slug":"quienes-somos","status":"publish","type":"page","link":"https:\/\/ceac.ed.cr\/Inicio\/quienes-somos\/","title":{"rendered":"\u00bfQui\u00e9nes Somos?"},"content":{"rendered":"\t\t<div data-elementor-type=\"wp-page\" data-elementor-id=\"14\" class=\"elementor elementor-14\" data-elementor-post-type=\"page\">\n\t\t\t\t\t\t<section class=\"elementor-section elementor-top-section elementor-element elementor-element-502f4f5 elementor-section-boxed elementor-section-height-default elementor-section-height-default\" data-id=\"502f4f5\" data-element_type=\"section\" data-e-type=\"section\">\n\t\t\t\t\t\t<div class=\"elementor-container elementor-column-gap-default\">\n\t\t\t\t\t<div class=\"elementor-column elementor-col-50 elementor-top-column elementor-element elementor-element-3770436\" data-id=\"3770436\" data-element_type=\"column\" data-e-type=\"column\">\n\t\t\t<div class=\"elementor-widget-wrap elementor-element-populated\">\n\t\t\t\t\t\t<div class=\"elementor-element elementor-element-47000a3 elementor-widget elementor-widget-text-editor\" data-id=\"47000a3\" data-element_type=\"widget\" data-e-type=\"widget\" data-widget_type=\"text-editor.default\">\n\t\t\t\t<div class=\"elementor-widget-container\">\n\t\t\t\t\t\t\t\t\t<p style=\"text-align: left;\" data-start=\"1060\" data-end=\"1305\">En el CEAC (Centro Educativo Adventista de Cartago), somos una instituci\u00f3n misionera sin fines de lucro que forma parte de la red global de Educaci\u00f3n Adventista, presente en escuelas, colegios y universidades en Costa Rica y alrededor del mundo.<\/p><p data-start=\"1307\" data-end=\"1675\">Desde nuestra fundaci\u00f3n en 1983, hemos brindado una propuesta educativa integral que desarrolla cuerpo, mente y esp\u00edritu, formando seres humanos desde una perspectiva espiritual y con valores. Nuestra instituci\u00f3n est\u00e1 abierta a toda la comunidad, sin distinci\u00f3n de creencias religiosas, y abarca los niveles de Preescolar, I y II Ciclos de la Educaci\u00f3n General B\u00e1sica.<\/p><p data-start=\"1677\" data-end=\"1954\">Contamos con hermosas instalaciones que incluyen aulas, biblioteca, sal\u00f3n de actos, laboratorio de c\u00f3mputo, comedor, zonas recreativas, cancha deportiva y parqueo, todo pensado para crear un entorno propicio para el aprendizaje y el desarrollo integral de nuestros estudiantes.<\/p>\t\t\t\t\t\t\t\t<\/div>\n\t\t\t\t<\/div>\n\t\t\t\t\t<\/div>\n\t\t<\/div>\n\t\t\t\t<div class=\"elementor-column elementor-col-50 elementor-top-column elementor-element elementor-element-2f37833\" data-id=\"2f37833\" data-element_type=\"column\" data-e-type=\"column\">\n\t\t\t<div class=\"elementor-widget-wrap elementor-element-populated\">\n\t\t\t\t\t\t<div class=\"elementor-element elementor-element-dec4155 elementor-widget elementor-widget-image\" data-id=\"dec4155\" data-element_type=\"widget\" data-e-type=\"widget\" data-widget_type=\"image.default\">\n\t\t\t\t<div class=\"elementor-widget-container\">\n\t\t\t\t\t\t\t\t\t\t\t\t\t\t\t<img fetchpriority=\"high\" decoding=\"async\" width=\"1000\" height=\"1000\" src=\"https:\/\/ceac.ed.cr\/wp-content\/uploads\/2025\/07\/Diseno-sin-titulo-1.svg\" class=\"attachment-large size-large wp-image-1585\" alt=\"En el CEAC (Centro Educativo Adventista de Cartago), somos una instituci\u00f3n misionera sin fines de lucro que forma parte de la red global de Educaci\u00f3n Adventista, presente en escuelas, colegios y universidades en Costa Rica y alrededor del mundo.\" \/>\t\t\t\t\t\t\t\t\t\t\t\t\t\t\t<\/div>\n\t\t\t\t<\/div>\n\t\t\t\t\t<\/div>\n\t\t<\/div>\n\t\t\t\t\t<\/div>\n\t\t<\/section>\n\t\t\t\t<\/div>\n\t\t","protected":false},"excerpt":{"rendered":"<p>En el CEAC (Centro Educativo Adventista de Cartago), somos una instituci\u00f3n misionera sin fines de lucro que forma parte de la red global de Educaci\u00f3n Adventista, presente en escuelas, colegios y universidades en Costa Rica y alrededor del mundo. Desde nuestra fundaci\u00f3n en 1983, hemos brindado una propuesta educativa integral que desarrolla cuerpo, mente y [&hellip;]<\/p>\n","protected":false},"author":1,"featured_media":0,"parent":0,"menu_order":0,"comment_status":"closed","ping_status":"closed","template":"","meta":{"site-sidebar-layout":"no-sidebar","site-content-layout":"page-builder","ast-site-content-layout":"full-width-container","site-content-style":"unboxed","site-sidebar-style":"unboxed","ast-global-header-display":"","ast-banner-title-visibility":"","ast-main-header-display":"","ast-hfb-above-header-display":"","ast-hfb-below-header-display":"","ast-hfb-mobile-header-display":"","site-post-title":"disabled","ast-breadcrumbs-content":"","ast-featured-img":"disabled","footer-sml-layout":"","theme-transparent-header-meta":"","adv-header-id-meta":"","stick-header-meta":"","header-above-stick-meta":"","header-main-stick-meta":"","header-below-stick-meta":"","astra-migrate-meta-layouts":"set","ast-page-background-enabled":"default","ast-page-background-meta":{"desktop":{"background-color":"var(--ast-global-color-4)","background-image":"","background-repeat":"repeat","background-position":"center center","background-size":"auto","background-attachment":"scroll","background-type":"","background-media":"","overlay-type":"","overlay-color":"","overlay-opacity":"","overlay-gradient":""},"tablet":{"background-color":"","background-image":"","background-repeat":"repeat","background-position":"center center","background-size":"auto","background-attachment":"scroll","background-type":"","background-media":"","overlay-type":"","overlay-color":"","overlay-opacity":"","overlay-gradient":""},"mobile":{"background-color":"","background-image":"","background-repeat":"repeat","background-position":"center center","background-size":"auto","background-attachment":"scroll","background-type":"","background-media":"","overlay-type":"","overlay-color":"","overlay-opacity":"","overlay-gradient":""}},"ast-content-background-meta":{"desktop":{"background-color":"var(--ast-global-color-5)","background-image":"","background-repeat":"repeat","background-position":"center center","background-size":"auto","background-attachment":"scroll","background-type":"","background-media":"","overlay-type":"","overlay-color":"","overlay-opacity":"","overlay-gradient":""},"tablet":{"background-color":"var(--ast-global-color-5)","background-image":"","background-repeat":"repeat","background-position":"center center","background-size":"auto","background-attachment":"scroll","background-type":"","background-media":"","overlay-type":"","overlay-color":"","overlay-opacity":"","overlay-gradient":""},"mobile":{"background-color":"var(--ast-global-color-5)","background-image":"","background-repeat":"repeat","background-position":"center center","background-size":"auto","background-attachment":"scroll","background-type":"","background-media":"","overlay-type":"","overlay-color":"","overlay-opacity":"","overlay-gradient":""}},"footnotes":""},"class_list":["post-14","page","type-page","status-publish","hentry"],"aioseo_notices":[],"_links":{"self":[{"href":"https:\/\/ceac.ed.cr\/Inicio\/wp-json\/wp\/v2\/pages\/14","targetHints":{"allow":["GET"]}}],"collection":[{"href":"https:\/\/ceac.ed.cr\/Inicio\/wp-json\/wp\/v2\/pages"}],"about":[{"href":"https:\/\/ceac.ed.cr\/Inicio\/wp-json\/wp\/v2\/types\/page"}],"author":[{"embeddable":true,"href":"https:\/\/ceac.ed.cr\/Inicio\/wp-json\/wp\/v2\/users\/1"}],"replies":[{"embeddable":true,"href":"https:\/\/ceac.ed.cr\/Inicio\/wp-json\/wp\/v2\/comments?post=14"}],"version-history":[{"count":137,"href":"https:\/\/ceac.ed.cr\/Inicio\/wp-json\/wp\/v2\/pages\/14\/revisions"}],"predecessor-version":[{"id":1588,"href":"https:\/\/ceac.ed.cr\/Inicio\/wp-json\/wp\/v2\/pages\/14\/revisions\/1588"}],"wp:attachment":[{"href":"https:\/\/ceac.ed.cr\/Inicio\/wp-json\/wp\/v2\/media?parent=14"}],"curies":[{"name":"wp","href":"https:\/\/api.w.org\/{rel}","templated":true}]}}