{"id":11,"date":"2022-08-24T21:30:46","date_gmt":"2022-08-25T03:30:46","guid":{"rendered":"https:\/\/ceac.ed.cr\/?page_id=11"},"modified":"2025-11-04T14:18:08","modified_gmt":"2025-11-04T20:18:08","slug":"inicio","status":"publish","type":"page","link":"https:\/\/ceac.ed.cr\/Inicio\/","title":{"rendered":"Inicio"},"content":{"rendered":"\t\t<div data-elementor-type=\"wp-page\" data-elementor-id=\"11\" class=\"elementor elementor-11\" data-elementor-post-type=\"page\">\n\t\t\t\t\t\t<section class=\"elementor-section elementor-top-section elementor-element elementor-element-0da0c8f elementor-section-full_width elementor-section-height-default elementor-section-height-default\" data-id=\"0da0c8f\" data-element_type=\"section\" data-e-type=\"section\">\n\t\t\t\t\t\t<div class=\"elementor-container elementor-column-gap-default\">\n\t\t\t\t\t<div class=\"elementor-column elementor-col-100 elementor-top-column elementor-element elementor-element-e883703\" data-id=\"e883703\" data-element_type=\"column\" data-e-type=\"column\">\n\t\t\t<div class=\"elementor-widget-wrap elementor-element-populated\">\n\t\t\t\t\t\t<div class=\"elementor-element elementor-element-b1f709a elementor-button-info elementor-absolute elementor-widget__width-initial elementor-widget elementor-widget-button\" data-id=\"b1f709a\" data-element_type=\"widget\" data-e-type=\"widget\" data-settings=\"{&quot;_position&quot;:&quot;absolute&quot;}\" data-widget_type=\"button.default\">\n\t\t\t\t<div class=\"elementor-widget-container\">\n\t\t\t\t\t\t\t\t\t<div class=\"elementor-button-wrapper\">\n\t\t\t\t\t<a class=\"elementor-button elementor-button-link elementor-size-sm\" href=\"https:\/\/wa.link\/kk0oa8\">\n\t\t\t\t\t\t<span class=\"elementor-button-content-wrapper\">\n\t\t\t\t\t\t\t\t\t<span class=\"elementor-button-text\">&gt;&gt; MATR\u00cdCULA&lt;&lt;<\/span>\n\t\t\t\t\t<\/span>\n\t\t\t\t\t<\/a>\n\t\t\t\t<\/div>\n\t\t\t\t\t\t\t\t<\/div>\n\t\t\t\t<\/div>\n\t\t\t\t<div class=\"elementor-element elementor-element-3cb6025 elementor-widget__width-initial elementor-widget-mobile__width-initial elementor-widget elementor-widget-image\" data-id=\"3cb6025\" data-element_type=\"widget\" data-e-type=\"widget\" data-widget_type=\"image.default\">\n\t\t\t\t<div class=\"elementor-widget-container\">\n\t\t\t\t\t\t\t\t\t\t\t\t\t\t\t<img fetchpriority=\"high\" decoding=\"async\" width=\"2560\" height=\"1440\" src=\"https:\/\/ceac.ed.cr\/wp-content\/uploads\/2025\/11\/1-scaled.jpg\" class=\"attachment-full size-full wp-image-1694\" alt=\"\" srcset=\"https:\/\/ceac.ed.cr\/wp-content\/uploads\/2025\/11\/1-scaled.jpg 2560w, https:\/\/ceac.ed.cr\/wp-content\/uploads\/2025\/11\/1-300x169.jpg 300w, https:\/\/ceac.ed.cr\/wp-content\/uploads\/2025\/11\/1-1024x576.jpg 1024w, https:\/\/ceac.ed.cr\/wp-content\/uploads\/2025\/11\/1-768x432.jpg 768w, https:\/\/ceac.ed.cr\/wp-content\/uploads\/2025\/11\/1-1536x864.jpg 1536w, https:\/\/ceac.ed.cr\/wp-content\/uploads\/2025\/11\/1-2048x1152.jpg 2048w\" sizes=\"(max-width: 2560px) 100vw, 2560px\" \/>\t\t\t\t\t\t\t\t\t\t\t\t\t\t\t<\/div>\n\t\t\t\t<\/div>\n\t\t\t\t<div class=\"elementor-element elementor-element-77a5b65 elementor-widget-mobile__width-initial elementor-widget elementor-widget-image\" data-id=\"77a5b65\" data-element_type=\"widget\" data-e-type=\"widget\" data-widget_type=\"image.default\">\n\t\t\t\t<div class=\"elementor-widget-container\">\n\t\t\t\t\t\t\t\t\t\t\t\t\t\t\t<img decoding=\"async\" width=\"2560\" height=\"1440\" src=\"https:\/\/ceac.ed.cr\/wp-content\/uploads\/2025\/11\/2-scaled.jpg\" class=\"attachment-full size-full wp-image-1693\" alt=\"\" srcset=\"https:\/\/ceac.ed.cr\/wp-content\/uploads\/2025\/11\/2-scaled.jpg 2560w, https:\/\/ceac.ed.cr\/wp-content\/uploads\/2025\/11\/2-300x169.jpg 300w, https:\/\/ceac.ed.cr\/wp-content\/uploads\/2025\/11\/2-1024x576.jpg 1024w, https:\/\/ceac.ed.cr\/wp-content\/uploads\/2025\/11\/2-768x432.jpg 768w, https:\/\/ceac.ed.cr\/wp-content\/uploads\/2025\/11\/2-1536x864.jpg 1536w, https:\/\/ceac.ed.cr\/wp-content\/uploads\/2025\/11\/2-2048x1152.jpg 2048w\" sizes=\"(max-width: 2560px) 100vw, 2560px\" \/>\t\t\t\t\t\t\t\t\t\t\t\t\t\t\t<\/div>\n\t\t\t\t<\/div>\n\t\t\t\t<div class=\"elementor-element elementor-element-3a9c6dc elementor-widget__width-initial elementor-absolute elementor-widget elementor-widget-text-editor\" data-id=\"3a9c6dc\" data-element_type=\"widget\" data-e-type=\"widget\" data-settings=\"{&quot;_position&quot;:&quot;absolute&quot;}\" data-widget_type=\"text-editor.default\">\n\t\t\t\t<div class=\"elementor-widget-container\">\n\t\t\t\t\t\t\t\t\t<p style=\"text-align: center;\"><span style=\"color: #ffffff;\"><strong data-start=\"2270\" data-end=\"2600\">\u201cEn el Centro Educativo Adventista de Cartago unimos excelencia acad\u00e9mica y valores cristianos para formar ni\u00f1os seguros, responsables y con prop\u00f3sito. En un ambiente cercano y protegido, potenciamos sus talentos con acompa\u00f1amiento personalizado y aprendizaje que conecta fe y vida. Ofrecemos Preescolar y Primaria en Cartago.<\/strong><\/span><\/p>\t\t\t\t\t\t\t\t<\/div>\n\t\t\t\t<\/div>\n\t\t\t\t<div class=\"elementor-element elementor-element-6fca704 elementor-widget__width-inherit elementor-widget elementor-widget-image\" data-id=\"6fca704\" data-element_type=\"widget\" data-e-type=\"widget\" data-widget_type=\"image.default\">\n\t\t\t\t<div class=\"elementor-widget-container\">\n\t\t\t\t\t\t\t\t\t\t\t\t\t\t\t<img decoding=\"async\" width=\"2560\" height=\"1440\" src=\"https:\/\/ceac.ed.cr\/wp-content\/uploads\/2025\/11\/3-scaled.jpg\" class=\"attachment-full size-full wp-image-1692\" alt=\"\" srcset=\"https:\/\/ceac.ed.cr\/wp-content\/uploads\/2025\/11\/3-scaled.jpg 2560w, https:\/\/ceac.ed.cr\/wp-content\/uploads\/2025\/11\/3-300x169.jpg 300w, https:\/\/ceac.ed.cr\/wp-content\/uploads\/2025\/11\/3-1024x576.jpg 1024w, https:\/\/ceac.ed.cr\/wp-content\/uploads\/2025\/11\/3-768x432.jpg 768w, https:\/\/ceac.ed.cr\/wp-content\/uploads\/2025\/11\/3-1536x864.jpg 1536w, https:\/\/ceac.ed.cr\/wp-content\/uploads\/2025\/11\/3-2048x1152.jpg 2048w\" sizes=\"(max-width: 2560px) 100vw, 2560px\" \/>\t\t\t\t\t\t\t\t\t\t\t\t\t\t\t<\/div>\n\t\t\t\t<\/div>\n\t\t\t\t<div class=\"elementor-element elementor-element-a2f59bd elementor-widget__width-inherit elementor-widget elementor-widget-image\" data-id=\"a2f59bd\" data-element_type=\"widget\" data-e-type=\"widget\" data-widget_type=\"image.default\">\n\t\t\t\t<div class=\"elementor-widget-container\">\n\t\t\t\t\t\t\t\t\t\t\t\t\t\t\t<img loading=\"lazy\" decoding=\"async\" width=\"2560\" height=\"1440\" src=\"https:\/\/ceac.ed.cr\/wp-content\/uploads\/2025\/11\/4-scaled.jpg\" class=\"attachment-full size-full wp-image-1691\" alt=\"\" srcset=\"https:\/\/ceac.ed.cr\/wp-content\/uploads\/2025\/11\/4-scaled.jpg 2560w, https:\/\/ceac.ed.cr\/wp-content\/uploads\/2025\/11\/4-300x169.jpg 300w, https:\/\/ceac.ed.cr\/wp-content\/uploads\/2025\/11\/4-1024x576.jpg 1024w, https:\/\/ceac.ed.cr\/wp-content\/uploads\/2025\/11\/4-768x432.jpg 768w, https:\/\/ceac.ed.cr\/wp-content\/uploads\/2025\/11\/4-1536x864.jpg 1536w, https:\/\/ceac.ed.cr\/wp-content\/uploads\/2025\/11\/4-2048x1152.jpg 2048w\" sizes=\"(max-width: 2560px) 100vw, 2560px\" \/>\t\t\t\t\t\t\t\t\t\t\t\t\t\t\t<\/div>\n\t\t\t\t<\/div>\n\t\t\t\t<div class=\"elementor-element elementor-element-d67a229 elementor-widget__width-inherit elementor-widget elementor-widget-image\" data-id=\"d67a229\" data-element_type=\"widget\" data-e-type=\"widget\" data-widget_type=\"image.default\">\n\t\t\t\t<div class=\"elementor-widget-container\">\n\t\t\t\t\t\t\t\t\t\t\t\t\t\t\t<img loading=\"lazy\" decoding=\"async\" width=\"2560\" height=\"1440\" src=\"https:\/\/ceac.ed.cr\/wp-content\/uploads\/2025\/11\/5-scaled.jpg\" class=\"attachment-full size-full wp-image-1690\" alt=\"\" srcset=\"https:\/\/ceac.ed.cr\/wp-content\/uploads\/2025\/11\/5-scaled.jpg 2560w, https:\/\/ceac.ed.cr\/wp-content\/uploads\/2025\/11\/5-300x169.jpg 300w, https:\/\/ceac.ed.cr\/wp-content\/uploads\/2025\/11\/5-1024x576.jpg 1024w, https:\/\/ceac.ed.cr\/wp-content\/uploads\/2025\/11\/5-768x432.jpg 768w, https:\/\/ceac.ed.cr\/wp-content\/uploads\/2025\/11\/5-1536x864.jpg 1536w, https:\/\/ceac.ed.cr\/wp-content\/uploads\/2025\/11\/5-2048x1152.jpg 2048w\" sizes=\"(max-width: 2560px) 100vw, 2560px\" \/>\t\t\t\t\t\t\t\t\t\t\t\t\t\t\t<\/div>\n\t\t\t\t<\/div>\n\t\t\t\t\t<\/div>\n\t\t<\/div>\n\t\t\t\t\t<\/div>\n\t\t<\/section>\n\t\t\t\t<\/div>\n\t\t","protected":false},"excerpt":{"rendered":"<p>&gt;&gt; MATR\u00cdCULA&lt;&lt; \u201cEn el Centro Educativo Adventista de Cartago unimos excelencia acad\u00e9mica y valores cristianos para formar ni\u00f1os seguros, responsables y con prop\u00f3sito. En un ambiente cercano y protegido, potenciamos sus talentos con acompa\u00f1amiento personalizado y aprendizaje que conecta fe y vida. Ofrecemos Preescolar y Primaria en Cartago.<\/p>\n","protected":false},"author":1,"featured_media":0,"parent":0,"menu_order":0,"comment_status":"closed","ping_status":"closed","template":"","meta":{"site-sidebar-layout":"no-sidebar","site-content-layout":"page-builder","ast-site-content-layout":"full-width-container","site-content-style":"unboxed","site-sidebar-style":"unboxed","ast-global-header-display":"","ast-banner-title-visibility":"","ast-main-header-display":"","ast-hfb-above-header-display":"","ast-hfb-below-header-display":"","ast-hfb-mobile-header-display":"","site-post-title":"disabled","ast-breadcrumbs-content":"","ast-featured-img":"disabled","footer-sml-layout":"","theme-transparent-header-meta":"","adv-header-id-meta":"","stick-header-meta":"","header-above-stick-meta":"","header-main-stick-meta":"","header-below-stick-meta":"","astra-migrate-meta-layouts":"set","ast-page-background-enabled":"default","ast-page-background-meta":{"desktop":{"background-color":"var(--ast-global-color-4)","background-image":"","background-repeat":"repeat","background-position":"center center","background-size":"auto","background-attachment":"scroll","background-type":"","background-media":"","overlay-type":"","overlay-color":"","overlay-opacity":"","overlay-gradient":""},"tablet":{"background-color":"","background-image":"","background-repeat":"repeat","background-position":"center center","background-size":"auto","background-attachment":"scroll","background-type":"","background-media":"","overlay-type":"","overlay-color":"","overlay-opacity":"","overlay-gradient":""},"mobile":{"background-color":"","background-image":"","background-repeat":"repeat","background-position":"center center","background-size":"auto","background-attachment":"scroll","background-type":"","background-media":"","overlay-type":"","overlay-color":"","overlay-opacity":"","overlay-gradient":""}},"ast-content-background-meta":{"desktop":{"background-color":"var(--ast-global-color-5)","background-image":"","background-repeat":"repeat","background-position":"center center","background-size":"auto","background-attachment":"scroll","background-type":"","background-media":"","overlay-type":"","overlay-color":"","overlay-opacity":"","overlay-gradient":""},"tablet":{"background-color":"var(--ast-global-color-5)","background-image":"","background-repeat":"repeat","background-position":"center center","background-size":"auto","background-attachment":"scroll","background-type":"","background-media":"","overlay-type":"","overlay-color":"","overlay-opacity":"","overlay-gradient":""},"mobile":{"background-color":"var(--ast-global-color-5)","background-image":"","background-repeat":"repeat","background-position":"center center","background-size":"auto","background-attachment":"scroll","background-type":"","background-media":"","overlay-type":"","overlay-color":"","overlay-opacity":"","overlay-gradient":""}},"footnotes":""},"class_list":["post-11","page","type-page","status-publish","hentry"],"aioseo_notices":[],"_links":{"self":[{"href":"https:\/\/ceac.ed.cr\/Inicio\/wp-json\/wp\/v2\/pages\/11","targetHints":{"allow":["GET"]}}],"collection":[{"href":"https:\/\/ceac.ed.cr\/Inicio\/wp-json\/wp\/v2\/pages"}],"about":[{"href":"https:\/\/ceac.ed.cr\/Inicio\/wp-json\/wp\/v2\/types\/page"}],"author":[{"embeddable":true,"href":"https:\/\/ceac.ed.cr\/Inicio\/wp-json\/wp\/v2\/users\/1"}],"replies":[{"embeddable":true,"href":"https:\/\/ceac.ed.cr\/Inicio\/wp-json\/wp\/v2\/comments?post=11"}],"version-history":[{"count":464,"href":"https:\/\/ceac.ed.cr\/Inicio\/wp-json\/wp\/v2\/pages\/11\/revisions"}],"predecessor-version":[{"id":1740,"href":"https:\/\/ceac.ed.cr\/Inicio\/wp-json\/wp\/v2\/pages\/11\/revisions\/1740"}],"wp:attachment":[{"href":"https:\/\/ceac.ed.cr\/Inicio\/wp-json\/wp\/v2\/media?parent=11"}],"curies":[{"name":"wp","href":"https:\/\/api.w.org\/{rel}","templated":true}]}}